{"id":10,"date":"2021-12-29T17:32:23","date_gmt":"2021-12-29T16:32:23","guid":{"rendered":"https:\/\/anglobe437686861.wordpress.com\/a-propos\/"},"modified":"2023-10-12T18:45:07","modified_gmt":"2023-10-12T16:45:07","slug":"a-propos","status":"publish","type":"page","link":"https:\/\/anglobe.fr\/index.php\/a-propos\/","title":{"rendered":"Qui suis-je ?"},"content":{"rendered":"<div class=\"wp-block-image\">\n<figure class=\"aligncenter size-large is-resized\"><img loading=\"lazy\" decoding=\"async\" src=\"https:\/\/anglobe.fr\/wp-content\/uploads\/2022\/01\/p1050267-2.jpg?w=1024\" alt=\"\" class=\"wp-image-123\" style=\"width:441px;height:436px\" width=\"441\" height=\"436\"\/><\/figure>\n<\/div>\n\n\n<p><\/p>\n\n\n\n<p class=\"has-text-align-left\">D\u2019origine Britannique, avec des racines N\u00e9o-Z\u00e9landaises et Australiennes, grand voyageur, je me consid\u00e8re Citoyen du Monde. Install\u00e9 en France depuis 30 ans, je suis naturalis\u00e9 fran\u00e7ais. J&rsquo;ai une exp\u00e9rience industrielle et manag\u00e9riale de 22 ans. J&rsquo;ai \u00e9galement une longue exp\u00e9rience associative avec une passion pour les outils d\u2019intelligence collective et de Gouvernance partag\u00e9e. Pour mes 50 ans en 2014, j&rsquo;ai d\u00e9cid\u00e9 de me lancer sur un nouveau parcours professionnel en tant qu&rsquo;enseignant d\u2019anglais. J&rsquo;ai enseign\u00e9 \u00e0 l&rsquo;universit\u00e9 de Strasbourg, \u00e0 L&rsquo;IUT, dans diverses autres \u00e9coles, dans des entreprises et chez moi. En 2020, j&rsquo;ai d\u00e9cid\u00e9 de d\u00e9velopper d&rsquo;autres activit\u00e9s (voir site \u00ab\u00a0NU\u00a0\u00bb <a href=\"https:\/\/www.nicholasbeecroft.fr\/\" target=\"_blank\" rel=\"noreferrer noopener\">https:\/\/www.nicholasbeecroft.fr\/<\/a> ) et privil\u00e9gier un enseignement de l&rsquo;anglais en priv\u00e9.<\/p>\n\n\n\n<p class=\"has-text-align-left\">L&rsquo;apprentissage est un chemin de vie. Apprendre l&rsquo;anglais avec Anglobe c\u2019est partir en voyage : on en apprend sur soi autant que sur les autres. Par une formation pratique et dynamique, vous serez bient\u00f4t \u00e0 l\u2019aise avec l\u2019anglais oral et \u00e9crit.<\/p>\n\n\n\n<div style=\"height:32px\" aria-hidden=\"true\" class=\"wp-block-spacer desktop-only\"><\/div>\n\n\n\n<h3 class=\"wp-block-heading has-text-align-center\" id=\"yes\">Yes !<\/h3>\n\n\n\n<div class=\"wp-block-columns alignwide has-3-columns is-layout-flex wp-container-core-columns-is-layout-9d6595d7 wp-block-columns-is-layout-flex\">\n<div class=\"wp-block-column is-layout-flow wp-block-column-is-layout-flow\">\n<blockquote class=\"wp-block-quote is-layout-flow wp-block-quote-is-layout-flow\">\n<p>Apprendre avec plaisir en mouvement, en action, en faisant <\/p>\n<\/blockquote>\n<\/div>\n\n\n\n<div class=\"wp-block-column is-layout-flow wp-block-column-is-layout-flow\">\n<blockquote class=\"wp-block-quote is-layout-flow wp-block-quote-is-layout-flow\">\n<p>Partager, pratiquer, rire, \u00e9changer, d\u00e9couvrir<\/p>\n<\/blockquote>\n<\/div>\n\n\n\n<div class=\"wp-block-column is-layout-flow wp-block-column-is-layout-flow\">\n<blockquote class=\"wp-block-quote is-layout-flow wp-block-quote-is-layout-flow\">\n<p>Offrez vous un apprentissage fait sur mesure.<\/p>\n<\/blockquote>\n<\/div>\n<\/div>\n\n\n\n<div style=\"height:32px\" aria-hidden=\"true\" class=\"wp-block-spacer desktop-only\"><\/div>\n\n\n\n<hr class=\"wp-block-separator has-css-opacity is-style-wide\"\/>\n\n\n\n<div style=\"height:32px\" aria-hidden=\"true\" class=\"wp-block-spacer desktop-only\"><\/div>\n\n\n\n<h2 class=\"wp-block-heading alignwide has-text-align-center\" id=\"vous-voulez-en-savoir-plus\">Vous voulez en savoir plus ?<\/h2>\n\n\n\n<div class=\"wp-block-button alignright\"><a class=\"wp-block-button__link wp-element-button\" href=\"https:\/\/anglobe.fr\/index.php\/contact\/\">Contactez-moi&nbsp;!<\/a><\/div>\n\n\n\n<div style=\"height:32px\" aria-hidden=\"true\" class=\"wp-block-spacer desktop-only\"><\/div>\n\n\n\n<hr class=\"wp-block-separator has-css-opacity is-style-wide\"\/>\n\n\n\n<div style=\"height:32px\" aria-hidden=\"true\" class=\"wp-block-spacer\"><\/div>\n","protected":false},"excerpt":{"rendered":"<p>D\u2019origine Britannique, avec des racines N\u00e9o-Z\u00e9landaises et Australiennes, grand voyageur, je me consid\u00e8re Citoyen du Monde. Install\u00e9 en France depuis 30 ans, je suis naturalis\u00e9 fran\u00e7ais. J&rsquo;ai une exp\u00e9rience industrielle et manag\u00e9riale de 22 ans. J&rsquo;ai \u00e9galement une longue exp\u00e9rience associative avec une passion pour les outils d\u2019intelligence collective et de Gouvernance partag\u00e9e. Pour mes&hellip; <a class=\"more-link\" href=\"https:\/\/anglobe.fr\/index.php\/a-propos\/\">Poursuivre la lecture <span class=\"screen-reader-text\">Qui suis-je ?<\/span><\/a><\/p>\n","protected":false},"author":1,"featured_media":0,"parent":0,"menu_order":1,"comment_status":"closed","ping_status":"closed","template":"","meta":{"footnotes":""},"class_list":["post-10","page","type-page","status-publish","hentry","entry"],"_links":{"self":[{"href":"https:\/\/anglobe.fr\/index.php\/wp-json\/wp\/v2\/pages\/10","targetHints":{"allow":["GET"]}}],"collection":[{"href":"https:\/\/anglobe.fr\/index.php\/wp-json\/wp\/v2\/pages"}],"about":[{"href":"https:\/\/anglobe.fr\/index.php\/wp-json\/wp\/v2\/types\/page"}],"author":[{"embeddable":true,"href":"https:\/\/anglobe.fr\/index.php\/wp-json\/wp\/v2\/users\/1"}],"replies":[{"embeddable":true,"href":"https:\/\/anglobe.fr\/index.php\/wp-json\/wp\/v2\/comments?post=10"}],"version-history":[{"count":2,"href":"https:\/\/anglobe.fr\/index.php\/wp-json\/wp\/v2\/pages\/10\/revisions"}],"predecessor-version":[{"id":164,"href":"https:\/\/anglobe.fr\/index.php\/wp-json\/wp\/v2\/pages\/10\/revisions\/164"}],"wp:attachment":[{"href":"https:\/\/anglobe.fr\/index.php\/wp-json\/wp\/v2\/media?parent=10"}],"curies":[{"name":"wp","href":"https:\/\/api.w.org\/{rel}","templated":true}]}}