{"id":152,"date":"2022-03-05T14:25:54","date_gmt":"2022-03-05T13:25:54","guid":{"rendered":"https:\/\/anglobe.fr\/?page_id=152"},"modified":"2022-03-05T14:35:08","modified_gmt":"2022-03-05T13:35:08","slug":"mentions-legales-2","status":"publish","type":"page","link":"https:\/\/anglobe.fr\/index.php\/mentions-legales-2\/","title":{"rendered":"Mentions l\u00e9gales"},"content":{"rendered":"\n<figure class=\"wp-block-image size-full is-resized\"><img loading=\"lazy\" decoding=\"async\" src=\"https:\/\/anglobe.fr\/wp-content\/uploads\/2022\/01\/2016_icone-anglobe_cmjn_hd.jpg\" alt=\"\" class=\"wp-image-44\" width=\"388\" height=\"389\" srcset=\"https:\/\/anglobe.fr\/wp-content\/uploads\/2022\/01\/2016_icone-anglobe_cmjn_hd.jpg 900w, https:\/\/anglobe.fr\/wp-content\/uploads\/2022\/01\/2016_icone-anglobe_cmjn_hd-300x300.jpg 300w, https:\/\/anglobe.fr\/wp-content\/uploads\/2022\/01\/2016_icone-anglobe_cmjn_hd-150x150.jpg 150w, https:\/\/anglobe.fr\/wp-content\/uploads\/2022\/01\/2016_icone-anglobe_cmjn_hd-768x771.jpg 768w\" sizes=\"auto, (max-width: 388px) 100vw, 388px\" \/><\/figure>\n\n\n\n<p><em><strong>\u00ab \u00c9tudier une autre langue consiste non seulement \u00e0 apprendre d\u2019autres mots pour d\u00e9signer les m\u00eames choses, mais aussi \u00e0 apprendre une autre fa\u00e7on de penser \u00e0 ces choses \u00bb<\/strong><\/em><\/p>\n\n\n\n<p>Flora Lewis<\/p>\n\n\n\n<h2 class=\"wp-block-heading\" id=\"identification\">Identification<\/h2>\n\n\n\n<p>La marque Anglobe a \u00e9t\u00e9 cr\u00e9\u00e9e par Nicholas Beecroft, tous droits r\u00e9serv\u00e9s.<\/p>\n\n\n\n<p>Nicholas Beecroft est Enseignant sous le r\u00e9gime d\u2019Auto Entrepreneur<\/p>\n\n\n\n<p>N\u00b0 SIRET : 810&nbsp;026&nbsp;203 00028<\/p>\n\n\n\n<p>Responsable de la publication : Nicholas Beecroft<\/p>\n\n\n\n<p>CMS : <em>WordPress<\/em>, Th\u00e8me: <em>Twenty twenty two<\/em><\/p>\n\n\n\n<p>H\u00e9bergement : OVH<\/p>\n\n\n\n<h2 class=\"wp-block-heading\" id=\"donnees-personnelles\">Donn\u00e9es personnelles<\/h2>\n\n\n\n<p>Aucune information personnelle n\u2019est collect\u00e9e \u00e0 votre insu et ne sera c\u00e9d\u00e9e \u00e0 un tiers. Les donn\u00e9es personnelles recueillies sur le site r\u00e9sultent de la communication volontaire d\u2019informations via les formulaires de contact. Ces donn\u00e9es sont exclusivement collect\u00e9es pour un usage interne.<\/p>\n\n\n\n<p>Conform\u00e9ment aux dispositions de la loi Informatique et Libert\u00e9s n\u00b078-17 du 16 janvier 1978, l\u2019utilisateur dispose d\u2019un droit d\u2019acc\u00e8s, de rectification et de suppression des donn\u00e9es le concernant qu\u2019il peut exercer par courriel \u00e0 nickbee8@gmail.com ou par courrier en vous adressant \u00e0 Anglobe&nbsp;\u2013 Service R\u00e9clamations \u2013&nbsp;4, Rue des Chasseurs, 67280 Oberhaslach.<\/p>\n\n\n\n<p>T\u00e9l :&nbsp;06 48 24 82 00<\/p>\n\n\n\n<h3 class=\"wp-block-heading\" id=\"utilisation-des-cookies\">Utilisation des Cookies<\/h3>\n\n\n\n<p>Ce site utilise des cookies de Google Analytics, ces cookies nous aident \u00e0 des fins de statistiques.&nbsp;Vos donn\u00e9es de navigations sur ce site sont envoy\u00e9es \u00e0 Google Inc. de fa\u00e7on anonyme. Pour d\u00e9sactiver l\u2019utilisation des cookies, rendez-vous dans les param\u00e8tres de votre navigateur.<\/p>\n\n\n\n<h3 class=\"wp-block-heading\" id=\"droits-d-auteur-et-propriete-intellectuelle\">Droits d\u2019auteur et propri\u00e9t\u00e9 intellectuelle<\/h3>\n\n\n\n<p>La structure g\u00e9n\u00e9rale ainsi que les textes, photos, images composant ce site sont la propri\u00e9t\u00e9 d\u2019Anglobe. Toute reproduction, totale ou partielle, et toute repr\u00e9sentation du contenu substantiel de ce site, d\u2019un ou de plusieurs de ses composants, par quelque proc\u00e9d\u00e9 que ce soit, sans autorisation expresse d\u2019Anglobe, est interdite et constitue une contrefa\u00e7on sanctionn\u00e9e par les articles L.335-2 et suivants du Code de la propri\u00e9t\u00e9 intellectuelle.<\/p>\n\n\n\n<p><\/p>\n\n\n\n<hr class=\"wp-block-separator is-style-twentytwentyone-separator-thick\"\/>\n","protected":false},"excerpt":{"rendered":"<p>\u00ab \u00c9tudier une autre langue consiste non seulement \u00e0 apprendre d\u2019autres mots pour d\u00e9signer les m\u00eames choses, mais aussi \u00e0 apprendre une autre fa\u00e7on de penser \u00e0 ces choses \u00bb Flora Lewis Identification La marque Anglobe a \u00e9t\u00e9 cr\u00e9\u00e9e par Nicholas Beecroft, tous droits r\u00e9serv\u00e9s. Nicholas Beecroft est Enseignant sous le r\u00e9gime d\u2019Auto Entrepreneur N\u00b0&hellip; <a class=\"more-link\" href=\"https:\/\/anglobe.fr\/index.php\/mentions-legales-2\/\">Poursuivre la lecture <span class=\"screen-reader-text\">Mentions l\u00e9gales<\/span><\/a><\/p>\n","protected":false},"author":1,"featured_media":0,"parent":0,"menu_order":0,"comment_status":"closed","ping_status":"closed","template":"","meta":{"footnotes":""},"class_list":["post-152","page","type-page","status-publish","hentry","entry"],"_links":{"self":[{"href":"https:\/\/anglobe.fr\/index.php\/wp-json\/wp\/v2\/pages\/152","targetHints":{"allow":["GET"]}}],"collection":[{"href":"https:\/\/anglobe.fr\/index.php\/wp-json\/wp\/v2\/pages"}],"about":[{"href":"https:\/\/anglobe.fr\/index.php\/wp-json\/wp\/v2\/types\/page"}],"author":[{"embeddable":true,"href":"https:\/\/anglobe.fr\/index.php\/wp-json\/wp\/v2\/users\/1"}],"replies":[{"embeddable":true,"href":"https:\/\/anglobe.fr\/index.php\/wp-json\/wp\/v2\/comments?post=152"}],"version-history":[{"count":3,"href":"https:\/\/anglobe.fr\/index.php\/wp-json\/wp\/v2\/pages\/152\/revisions"}],"predecessor-version":[{"id":160,"href":"https:\/\/anglobe.fr\/index.php\/wp-json\/wp\/v2\/pages\/152\/revisions\/160"}],"wp:attachment":[{"href":"https:\/\/anglobe.fr\/index.php\/wp-json\/wp\/v2\/media?parent=152"}],"curies":[{"name":"wp","href":"https:\/\/api.w.org\/{rel}","templated":true}]}}